{"id":1887,"date":"2022-02-15T18:45:23","date_gmt":"2022-02-15T18:45:23","guid":{"rendered":"https:\/\/sportgenia.quimeras.cat\/entrenadores\/"},"modified":"2022-05-03T16:52:19","modified_gmt":"2022-05-03T16:52:19","slug":"entrenadores","status":"publish","type":"page","link":"https:\/\/sportgenia.com\/en\/entrenadores\/","title":{"rendered":"Coaches"},"content":{"rendered":"\n\t<section class=\"section\" id=\"section_445853684\">\n\t\t<div class=\"bg section-bg fill bg-fill  bg-loaded\" >\n\n\t\t\t\n\t\t\t\n\t\t\t\n\n\t\t<\/div>\n\n\t\t\n\n\t\t<div class=\"section-content relative\">\n\t\t\t\n\n<div class=\"row\"  id=\"row-66689702\">\n\n\n\t<div id=\"col-267452187\" class=\"col small-12 large-12\"  >\n\t\t\t\t<div class=\"col-inner\"  >\n\t\t\t\n\t\t\t\n\n<div class=\"row align-middle align-center\"  id=\"row-1706341579\">\n\n\n\t<div id=\"col-1530767351\" class=\"col medium-7 small-12 large-7\"  >\n\t\t\t\t<div class=\"col-inner text-center\"  >\n\t\t\t\n\t\t\t\n\n\t<div id=\"text-762793336\" class=\"text\">\n\t\t\n\n<h6><span style=\"color: #ff6600;\"><a style=\"color: #ff6600;\" href=\"\/hossel\/about\">Coaches<\/a><\/span><\/h6>\n\t\t\n<style>\n#text-762793336 {\n  font-size: 1rem;\n}\n<\/style>\n\t<\/div>\n\t\n\t<div id=\"text-1724459696\" class=\"text\">\n\t\t\n\n<h1>Representation and intermediation<\/h1>\n\t\t\n<style>\n#text-1724459696 {\n  font-size: 1.5rem;\n}\n<\/style>\n\t<\/div>\n\t\n<p>We offer a comprehensive service to footballers:<br> Trust, transparency, professionalism, global advice<\/p>\n\n\t\t<\/div>\n\t\t\t\t\n<style>\n#col-1530767351 > .col-inner {\n  margin: 0px 0px -41px 0px;\n}\n<\/style>\n\t<\/div>\n\n\t\n\n<\/div>\n\n\t\t<\/div>\n\t\t\t\t\n<style>\n#col-267452187 > .col-inner {\n  margin: 0px 0px -48px 0px;\n}\n<\/style>\n\t<\/div>\n\n\t\n\n<\/div>\n\n\t\t<\/div>\n\n\t\t\n<style>\n#section_445853684 {\n  padding-top: 60px;\n  padding-bottom: 60px;\n  min-height: 263px;\n  background-color: rgb(251, 248, 243);\n}\n#section_445853684 .ux-shape-divider--top svg {\n  height: 150px;\n  --divider-top-width: 100%;\n}\n#section_445853684 .ux-shape-divider--bottom svg {\n  height: 150px;\n  --divider-width: 100%;\n}\n@media (min-width:550px) {\n  #section_445853684 {\n    padding-top: 80px;\n    padding-bottom: 80px;\n  }\n}\n@media (min-width:850px) {\n  #section_445853684 {\n    padding-top: 30px;\n    padding-bottom: 30px;\n  }\n}\n<\/style>\n\t<\/section>\n\t\n\t<section class=\"section\" id=\"section_1894026924\">\n\t\t<div class=\"bg section-bg fill bg-fill  bg-loaded\" >\n\n\t\t\t\n\t\t\t\n\t\t\t\n\n\t\t<\/div>\n\n\t\t\n\n\t\t<div class=\"section-content relative\">\n\t\t\t\n\n<div class=\"row align-middle\"  id=\"row-2016011784\">\n\n\n\t<div id=\"col-1184726251\" class=\"col medium-4 small-12 large-4\"  >\n\t\t\t\t<div class=\"col-inner\"  >\n\t\t\t\n\t\t\t\n\n\t<div class=\"img has-hover x md-x lg-x y md-y lg-y\" id=\"image_626692061\">\n\t\t\t\t\t\t\t\t<div class=\"img-inner dark\" >\n\t\t\t<img loading=\"lazy\" decoding=\"async\" width=\"400\" height=\"553\" src=\"https:\/\/sportgenia.com\/wp-content\/uploads\/LuisCesar-400x553-1.png\" class=\"attachment-large size-large\" alt=\"\" srcset=\"https:\/\/sportgenia.com\/wp-content\/uploads\/LuisCesar-400x553-1.png 400w, https:\/\/sportgenia.com\/wp-content\/uploads\/LuisCesar-400x553-1-217x300.png 217w\" sizes=\"auto, (max-width: 400px) 100vw, 400px\" \/>\t\t\t\t\t\t\n\t\t\t\t\t<\/div>\n\t\t\t\t\t\t\t\t\n<style>\n#image_626692061 {\n  width: 100%;\n}\n<\/style>\n\t<\/div>\n\t\n\n\n\t\t<\/div>\n\t\t\t\t\t<\/div>\n\n\t\n\n\t<div id=\"col-2134556481\" class=\"col medium-8 small-12 large-8\"  >\n\t\t\t\t<div class=\"col-inner\"  >\n\t\t\t\n\t\t\t\n\n<h2 data-line-height=\"xs\">LUIS C\u00c9SAR SAMPEDRO<\/h2>\n<div class=\"is-divider divider clearfix\" style=\"margin-top:0.6em;margin-bottom:0.6em;background-color:rgb(228, 173, 0);\"><\/div>\n\n<p>I adapt to the teams I manage and try to have a recognizable style of play. Make decisions with a cool head, regardless of the pressure of the moment and the environment. I establish medium and long-term ties with which to improve performance. I take advantage of technologies to know the way to improve my players, skills and detect the weaknesses of the rivals. Work together with my team to improve ourselves.<\/p>\n<p>I want the team to become an ecosystem where we can all grow professionally. Professional career: RACING DE FERROL, GIMN\u00c0STIC DE TARRAGONA, EJIDO SPORTS CLUB, GIMN\u00c0STIC DE TARRAGONA, ALCOYANO SPORTS CLUB, ALBACETE BALOMPI\u00c9, LUGO SPORTS CLUB, REAL VALLADOLID, TENERIFE SPORTS CLUB, LA CORU\u00d1A SPORTS CLUB, LUGO SPORTS CLUB.<\/p>\n<p>Second active coach with the most games in the Santander League 444 games\/ 16 seasons.<\/p>\n\n\t\t<\/div>\n\t\t\t\t\t<\/div>\n\n\t\n\n<\/div>\n\t<div id=\"gap-905996410\" class=\"gap-element clearfix\" style=\"display:block; height:auto;\">\n\t\t\n<style>\n#gap-905996410 {\n  padding-top: 30px;\n}\n<\/style>\n\t<\/div>\n\t\n\n<div class=\"row align-middle\"  id=\"row-606735196\">\n\n\n\t<div id=\"col-401203761\" class=\"col medium-8 small-12 large-8\"  >\n\t\t\t\t<div class=\"col-inner\"  >\n\t\t\t\n\t\t\t\n\n<h2 class=\"uppercase\" data-line-height=\"xs\">Xavi Bartolo<\/h2>\n<div class=\"is-divider divider clearfix\" style=\"margin-top:0.6em;margin-bottom:0.6em;background-color:rgb(228, 173, 0);\"><\/div>\n\n<p>He was born on October 7, 1968 in Bellv\u00eds, Lleida. In 1991 he made his debut as a player with the Lleida first team, the club with which he was playing in the First Division in 1993. He also played with Fraga, CD Legan\u00e9s and Gimn\u00e0stic de Tarragona, the club with which he hung up his boots in 1998.  <\/p>\n<p>After retiring as a player, he began working as a physical trainer and assistant coach in teams such as H\u00e9rcules CF, CD Castell\u00f3n, Real Murcia, FC Cartagena, Recreativo de Huelva and Gimn\u00e0stic de Tarragona.<\/p>\n<p>In 2014 he joined CF Reus as physical trainer and later as assistant coach. In 2019 he was signed by Gimn\u00e0stic de Tarragona.  <\/p>\n\n\t\t<\/div>\n\t\t\t\t\t<\/div>\n\n\t\n\n\t<div id=\"col-262694968\" class=\"col medium-4 small-12 large-4\"  >\n\t\t\t\t<div class=\"col-inner\"  >\n\t\t\t\n\t\t\t\n\n\t<div class=\"img has-hover x md-x lg-x y md-y lg-y\" id=\"image_363416109\">\n\t\t\t\t\t\t\t\t<div class=\"img-inner dark\" >\n\t\t\t<img loading=\"lazy\" decoding=\"async\" width=\"599\" height=\"494\" src=\"https:\/\/sportgenia.com\/wp-content\/uploads\/cd173503-de2c-4e82-8f5e-1b773fec1bf1_16-9-aspect-ratio_default_0.jpg\" class=\"attachment-large size-large\" alt=\"\" srcset=\"https:\/\/sportgenia.com\/wp-content\/uploads\/cd173503-de2c-4e82-8f5e-1b773fec1bf1_16-9-aspect-ratio_default_0.jpg 599w, https:\/\/sportgenia.com\/wp-content\/uploads\/cd173503-de2c-4e82-8f5e-1b773fec1bf1_16-9-aspect-ratio_default_0-300x247.jpg 300w\" sizes=\"auto, (max-width: 599px) 100vw, 599px\" \/>\t\t\t\t\t\t\n\t\t\t\t\t<\/div>\n\t\t\t\t\t\t\t\t\n<style>\n#image_363416109 {\n  width: 100%;\n}\n<\/style>\n\t<\/div>\n\t\n\n\n\t\t<\/div>\n\t\t\t\t\t<\/div>\n\n\t\n\n<\/div>\n\n\t\t<\/div>\n\n\t\t\n<style>\n#section_1894026924 {\n  padding-top: 50px;\n  padding-bottom: 50px;\n}\n#section_1894026924 .ux-shape-divider--top svg {\n  height: 150px;\n  --divider-top-width: 100%;\n}\n#section_1894026924 .ux-shape-divider--bottom svg {\n  height: 150px;\n  --divider-width: 100%;\n}\n<\/style>\n\t<\/section>\n\t\n\t<section class=\"section\" id=\"section_1027470176\">\n\t\t<div class=\"bg section-bg fill bg-fill  \" >\n\n\t\t\t\n\t\t\t<div class=\"section-bg-overlay absolute fill\"><\/div>\n\t\t\t\n\n\t\t<\/div>\n\n\t\t\n\n\t\t<div class=\"section-content relative\">\n\t\t\t\n\n<div class=\"row row-large align-middle align-center\"  id=\"row-800700756\">\n\n\n\t<div id=\"col-445096934\" class=\"col medium-12 small-12 large-6\"  >\n\t\t\t\t<div class=\"col-inner text-center\"  >\n\t\t\t\n\t\t\t\n\n<div class=\"is-divider divider clearfix\" style=\"background-color:rgb(250, 114, 104);\"><\/div>\n\n\t<div id=\"text-386750127\" class=\"text\">\n\t\t\n\n<h2>Do you want us to advise you?<\/h2>\n<p>Contact us by clicking the button<\/p>\n\t\t\n<style>\n#text-386750127 {\n  color: rgb(255,255,255);\n}\n#text-386750127 > * {\n  color: rgb(255,255,255);\n}\n<\/style>\n\t<\/div>\n\t\n<a href=\"https:\/\/sportgenia.quimeras.cat\/en\/contact\/\" target=\"_self\" class=\"button alert\"  >\n    <span>Contact<\/span>\n  <i class=\"icon-angle-right\" ><\/i><\/a>\n\n\n\n\t\t<\/div>\n\t\t\t\t\t<\/div>\n\n\t\n\n<\/div>\n\n\t\t<\/div>\n\n\t\t\n<style>\n#section_1027470176 {\n  padding-top: 40px;\n  padding-bottom: 40px;\n}\n#section_1027470176 .section-bg-overlay {\n  background-color: rgba(0, 0, 0, 0.506);\n}\n#section_1027470176 .section-bg.bg-loaded {\n  background-image: url(https:\/\/sportgenia.com\/wp-content\/uploads\/soccer-player-action-on-the-stadium.jpg);\n}\n#section_1027470176 .section-bg {\n  background-position: 4% 58%;\n}\n#section_1027470176 .ux-shape-divider--top svg {\n  height: 150px;\n  --divider-top-width: 100%;\n}\n#section_1027470176 .ux-shape-divider--bottom svg {\n  height: 150px;\n  --divider-width: 100%;\n}\n@media (min-width:850px) {\n  #section_1027470176 {\n    padding-top: 80px;\n    padding-bottom: 80px;\n  }\n}\n<\/style>\n\t<\/section>\n\t\n\n","protected":false},"excerpt":{"rendered":"","protected":false},"author":1,"featured_media":0,"parent":0,"menu_order":0,"comment_status":"closed","ping_status":"closed","template":"page-blank.php","meta":{"footnotes":""},"class_list":["post-1887","page","type-page","status-publish","hentry"],"yoast_head":"<!-- This site is optimized with the Yoast SEO plugin v26.8 - https:\/\/yoast.com\/product\/yoast-seo-wordpress\/ -->\n<title>Coaches - Sportgenia<\/title>\n<meta name=\"robots\" content=\"index, follow, max-snippet:-1, max-image-preview:large, max-video-preview:-1\" \/>\n<link rel=\"canonical\" href=\"https:\/\/sportgenia.com\/en\/entrenadores\/\" \/>\n<meta property=\"og:locale\" content=\"en_US\" \/>\n<meta property=\"og:type\" content=\"article\" \/>\n<meta property=\"og:title\" content=\"Coaches - Sportgenia\" \/>\n<meta property=\"og:url\" content=\"https:\/\/sportgenia.com\/en\/entrenadores\/\" \/>\n<meta property=\"og:site_name\" content=\"Sportgenia\" \/>\n<meta property=\"article:modified_time\" content=\"2022-05-03T16:52:19+00:00\" \/>\n<meta name=\"twitter:card\" content=\"summary_large_image\" \/>\n<meta name=\"twitter:label1\" content=\"Est. reading time\" \/>\n\t<meta name=\"twitter:data1\" content=\"1 minute\" \/>\n<script type=\"application\/ld+json\" class=\"yoast-schema-graph\">{\"@context\":\"https:\/\/schema.org\",\"@graph\":[{\"@type\":\"WebPage\",\"@id\":\"https:\/\/sportgenia.com\/en\/entrenadores\/\",\"url\":\"https:\/\/sportgenia.com\/en\/entrenadores\/\",\"name\":\"Coaches - Sportgenia\",\"isPartOf\":{\"@id\":\"https:\/\/sportgenia.com\/#website\"},\"datePublished\":\"2022-02-15T18:45:23+00:00\",\"dateModified\":\"2022-05-03T16:52:19+00:00\",\"breadcrumb\":{\"@id\":\"https:\/\/sportgenia.com\/en\/entrenadores\/#breadcrumb\"},\"inLanguage\":\"en-US\",\"potentialAction\":[{\"@type\":\"ReadAction\",\"target\":[\"https:\/\/sportgenia.com\/en\/entrenadores\/\"]}]},{\"@type\":\"BreadcrumbList\",\"@id\":\"https:\/\/sportgenia.com\/en\/entrenadores\/#breadcrumb\",\"itemListElement\":[{\"@type\":\"ListItem\",\"position\":1,\"name\":\"Portada\",\"item\":\"https:\/\/sportgenia.com\/en\/\"},{\"@type\":\"ListItem\",\"position\":2,\"name\":\"Coaches\"}]},{\"@type\":\"WebSite\",\"@id\":\"https:\/\/sportgenia.com\/#website\",\"url\":\"https:\/\/sportgenia.com\/\",\"name\":\"Sportgenia\",\"description\":\"Consultor\u00eda Deportiva\",\"potentialAction\":[{\"@type\":\"SearchAction\",\"target\":{\"@type\":\"EntryPoint\",\"urlTemplate\":\"https:\/\/sportgenia.com\/?s={search_term_string}\"},\"query-input\":{\"@type\":\"PropertyValueSpecification\",\"valueRequired\":true,\"valueName\":\"search_term_string\"}}],\"inLanguage\":\"en-US\"}]}<\/script>\n<!-- \/ Yoast SEO plugin. -->","yoast_head_json":{"title":"Coaches - Sportgenia","robots":{"index":"index","follow":"follow","max-snippet":"max-snippet:-1","max-image-preview":"max-image-preview:large","max-video-preview":"max-video-preview:-1"},"canonical":"https:\/\/sportgenia.com\/en\/entrenadores\/","og_locale":"en_US","og_type":"article","og_title":"Coaches - Sportgenia","og_url":"https:\/\/sportgenia.com\/en\/entrenadores\/","og_site_name":"Sportgenia","article_modified_time":"2022-05-03T16:52:19+00:00","twitter_card":"summary_large_image","twitter_misc":{"Est. reading time":"1 minute"},"schema":{"@context":"https:\/\/schema.org","@graph":[{"@type":"WebPage","@id":"https:\/\/sportgenia.com\/en\/entrenadores\/","url":"https:\/\/sportgenia.com\/en\/entrenadores\/","name":"Coaches - Sportgenia","isPartOf":{"@id":"https:\/\/sportgenia.com\/#website"},"datePublished":"2022-02-15T18:45:23+00:00","dateModified":"2022-05-03T16:52:19+00:00","breadcrumb":{"@id":"https:\/\/sportgenia.com\/en\/entrenadores\/#breadcrumb"},"inLanguage":"en-US","potentialAction":[{"@type":"ReadAction","target":["https:\/\/sportgenia.com\/en\/entrenadores\/"]}]},{"@type":"BreadcrumbList","@id":"https:\/\/sportgenia.com\/en\/entrenadores\/#breadcrumb","itemListElement":[{"@type":"ListItem","position":1,"name":"Portada","item":"https:\/\/sportgenia.com\/en\/"},{"@type":"ListItem","position":2,"name":"Coaches"}]},{"@type":"WebSite","@id":"https:\/\/sportgenia.com\/#website","url":"https:\/\/sportgenia.com\/","name":"Sportgenia","description":"Consultor\u00eda Deportiva","potentialAction":[{"@type":"SearchAction","target":{"@type":"EntryPoint","urlTemplate":"https:\/\/sportgenia.com\/?s={search_term_string}"},"query-input":{"@type":"PropertyValueSpecification","valueRequired":true,"valueName":"search_term_string"}}],"inLanguage":"en-US"}]}},"_links":{"self":[{"href":"https:\/\/sportgenia.com\/en\/wp-json\/wp\/v2\/pages\/1887","targetHints":{"allow":["GET"]}}],"collection":[{"href":"https:\/\/sportgenia.com\/en\/wp-json\/wp\/v2\/pages"}],"about":[{"href":"https:\/\/sportgenia.com\/en\/wp-json\/wp\/v2\/types\/page"}],"author":[{"embeddable":true,"href":"https:\/\/sportgenia.com\/en\/wp-json\/wp\/v2\/users\/1"}],"replies":[{"embeddable":true,"href":"https:\/\/sportgenia.com\/en\/wp-json\/wp\/v2\/comments?post=1887"}],"version-history":[{"count":8,"href":"https:\/\/sportgenia.com\/en\/wp-json\/wp\/v2\/pages\/1887\/revisions"}],"predecessor-version":[{"id":2174,"href":"https:\/\/sportgenia.com\/en\/wp-json\/wp\/v2\/pages\/1887\/revisions\/2174"}],"wp:attachment":[{"href":"https:\/\/sportgenia.com\/en\/wp-json\/wp\/v2\/media?parent=1887"}],"curies":[{"name":"wp","href":"https:\/\/api.w.org\/{rel}","templated":true}]}}